{"id":5319,"date":"2024-10-31T22:57:35","date_gmt":"2024-10-31T17:57:35","guid":{"rendered":"https:\/\/marketplace.aigenesis.io\/?post_type=product&#038;p=5319"},"modified":"2025-10-18T03:15:40","modified_gmt":"2025-10-17T22:15:40","slug":"cabana-de-playa","status":"publish","type":"product","link":"https:\/\/marketplace.aigenesis.io\/en\/product\/cabana-de-playa\/","title":{"rendered":"Caba\u00f1a de Playa"},"content":{"rendered":"<p>Una caba\u00f1a familiar en la primera l\u00ednea de playa, cuenta con 2 habitaciones con ventiladores, cada una con 1 cama doble y 1 Camarote \u00f3 Litera, es decir 4 personas por cuarto, para un total de 8 hu\u00e9spedes, tiene 2 ba\u00f1os, cocina totalmente equipada, sala comedor, TV, ducha externa, \u00e1reas verdes, pario, terraza, balc\u00f3n, parqueadero para carros y motos, kiosco privado en la playa.<br \/>\nEn Villa Isabella encontrar\u00e1s sabanas, almohadas, toallas y todo el menaje de cocina necesario para hacer de tu estad\u00eda algo fant\u00e1stico, tambi\u00e9n tenemos asador de carnes por si te gustan los asados.<br \/>\nSomos PedFriendly as\u00ed que podr\u00e1s desconectarte de la ciudad con tus mascotas sin ning\u00fan problema.<\/p>","protected":false},"excerpt":{"rendered":"<p>Una caba\u00f1a familiar en la primera l\u00ednea de playa, cuenta con 2 habitaciones con ventiladores, cada una con 1 cama doble y 1 Camarote \u00f3 Litera, es decir 4 personas por cuarto, para un total de 8 hu\u00e9spedes, tiene 2 ba\u00f1os, cocina totalmente equipada, sala comedor, TV, ducha externa, \u00e1reas verdes, pario, terraza, balc\u00f3n, parqueadero para carros y motos, kiosco privado en la playa.<br \/>\nEn Villa Isabella encontrar\u00e1s sabanas, almohadas, toallas y todo el menaje de cocina necesario para hacer de tu estad\u00eda algo fant\u00e1stico, tambi\u00e9n tenemos asador de carnes por si te gustan los asados.<br \/>\nSomos PedFriendly as\u00ed que podr\u00e1s desconectarte de la ciudad con tus mascotas sin ning\u00fan problema.<\/p>","protected":false},"featured_media":5318,"comment_status":"open","ping_status":"closed","template":"","meta":{"_monsterinsights_skip_tracking":false,"_monsterinsights_sitenote_active":false,"_monsterinsights_sitenote_note":"","_monsterinsights_sitenote_category":0},"product_cat":[54],"product_tag":[128,126,125,127],"class_list":{"0":"post-5319","1":"product","2":"type-product","3":"status-publish","4":"has-post-thumbnail","6":"product_cat-viajes-y-turismo","7":"product_tag-cabana","8":"product_tag-colombia","9":"product_tag-hospedaje","10":"product_tag-playa","12":"first","13":"instock","14":"shipping-taxable","15":"purchasable","16":"product-type-simple","17":"add-to-wishlist-after_add_to_cart"},"aioseo_notices":[],"_links":{"self":[{"href":"https:\/\/marketplace.aigenesis.io\/en\/wp-json\/wp\/v2\/product\/5319","targetHints":{"allow":["GET"]}}],"collection":[{"href":"https:\/\/marketplace.aigenesis.io\/en\/wp-json\/wp\/v2\/product"}],"about":[{"href":"https:\/\/marketplace.aigenesis.io\/en\/wp-json\/wp\/v2\/types\/product"}],"replies":[{"embeddable":true,"href":"https:\/\/marketplace.aigenesis.io\/en\/wp-json\/wp\/v2\/comments?post=5319"}],"wp:featuredmedia":[{"embeddable":true,"href":"https:\/\/marketplace.aigenesis.io\/en\/wp-json\/wp\/v2\/media\/5318"}],"wp:attachment":[{"href":"https:\/\/marketplace.aigenesis.io\/en\/wp-json\/wp\/v2\/media?parent=5319"}],"wp:term":[{"taxonomy":"product_cat","embeddable":true,"href":"https:\/\/marketplace.aigenesis.io\/en\/wp-json\/wp\/v2\/product_cat?post=5319"},{"taxonomy":"product_tag","embeddable":true,"href":"https:\/\/marketplace.aigenesis.io\/en\/wp-json\/wp\/v2\/product_tag?post=5319"}],"curies":[{"name":"wp","href":"https:\/\/api.w.org\/{rel}","templated":true}]}}