{"id":3,"date":"2024-10-04T19:48:33","date_gmt":"2024-10-04T19:48:33","guid":{"rendered":"https:\/\/marketplace.aigenesis.io\/?page_id=3"},"modified":"2024-10-19T22:22:03","modified_gmt":"2024-10-19T17:22:03","slug":"politica-de-tratamiento-de-datos-personales","status":"publish","type":"page","link":"https:\/\/marketplace.aigenesis.io\/en\/politica-de-tratamiento-de-datos-personales\/","title":{"rendered":"Pol\u00edtica de tratamiento de datos personales"},"content":{"rendered":"<div data-elementor-type=\"wp-page\" data-elementor-id=\"3\" class=\"elementor elementor-3\">\n\t\t\t\t<div class=\"elementor-element elementor-element-3dcad0c e-flex e-con-boxed e-con e-parent\" data-id=\"3dcad0c\" data-element_type=\"container\" data-e-type=\"container\">\n\t\t\t\t\t<div class=\"e-con-inner\">\n\t\t\t\t<div class=\"elementor-element elementor-element-6f666c4 elementor-widget elementor-widget-heading\" data-id=\"6f666c4\" data-element_type=\"widget\" data-e-type=\"widget\" data-widget_type=\"heading.default\">\n\t\t\t\t<div class=\"elementor-widget-container\">\n\t\t\t\t\t<h2 class=\"elementor-heading-title elementor-size-default\">\u00bfCu\u00e1les son los derechos de acceso, rectificaci\u00f3n y eliminaci\u00f3n de los datos \npersonales?<\/h2>\t\t\t\t<\/div>\n\t\t\t\t<\/div>\n\t\t\t\t<div class=\"elementor-element elementor-element-6cfa1e5 elementor-widget elementor-widget-text-editor\" data-id=\"6cfa1e5\" data-element_type=\"widget\" data-e-type=\"widget\" data-widget_type=\"text-editor.default\">\n\t\t\t\t<div class=\"elementor-widget-container\">\n\t\t\t\t\t\t\t\t\t<p>La ley de protecci\u00f3n de datos de la Rep\u00fablica de Colombia dispone los siguientes derechos reconocidos a los titulares de los datos:<\/p><p>Conocer y acceder a tus datos personales de manera gratuita; actualizarlos y<br \/>rectificarlos. Este derecho aplica especialmente si tus datos est\u00e1n incompletos, incorrectos, parciales o si su uso est\u00e1 prohibido o no has dado tu autorizaci\u00f3n.<\/p><p>Solicitar prueba de la autorizaci\u00f3n que como usuario le diste a AiG MARKET, salvo cuando expresamente se except\u00fae como requisito para el tratamiento.<\/p><p>Ser informado por AiG MARKET acerca del uso que se le ha dado a tus datos personales.<\/p><p>Retirar tu autorizaci\u00f3n para el uso de tus datos o pedir que sean eliminados cuando consideras que no se respetan tus derechos y garant\u00edas constitucionales y legales; siempre que la Superintendencia de Industria y Comercio haya determinado que AiG MARKET realiz\u00f3 conductas contrarias a la ley y a la Constituci\u00f3n.<\/p><p>Presentar ante la Superintendencia de Industria y Comercio quejas por incumplimiento de la normatividad colombiana de protecci\u00f3n de datos.<\/p><p>Sin perjuicio de lo dispuesto en las Pol\u00edticas de Privacidad, tambi\u00e9n podr\u00e1s realizar consultas y\/o ejercer los derechos de acceso, rectificaci\u00f3n y supresi\u00f3n de tu Informaci\u00f3n Personal por correo postal a la Carrera 38f, n\u00famero 18-26, Manila, Medell\u00edn, Rep\u00fablica de Colombia.<\/p><p>Atte.: AiG MARKET.<\/p><p>Ten presente que puedes preguntar acerca de los datos personales que AiG MARKET tiene de ti. Para ello puedes acceder a la secci\u00f3n:<\/p><p>\u00bfC\u00f3mo puedes ejercer tus derechos para controlar tus datos personales?<br \/>Adem\u00e1s, AiG MARKET tiene un plazo m\u00e1ximo de 10 d\u00edas para contestar tu solicitud.<\/p><p>Si no podemos hacerlo en ese tiempo, te contestaremos en los siguientes 5 d\u00edas despu\u00e9s de recibir tu solicitud.<\/p><p><strong>\u00bfC\u00f3mo puedes hacer una solicitud para corregir, actualizar o eliminar tus datos personales? <\/strong><\/p><p>Si piensas que tus datos personales deben corregirse, actualizarse o eliminarse, o si crees que no estamos cumpliendo con la ley de protecci\u00f3n de datos, puedes hacer tu solicitud o reclamo a nuestro correo aigmarket.com@gmail.com o envi\u00e1ndonos tu solicitud o reclamo al domicilio: la Carrera 38f, n\u00famero 18-26, Manila, Medell\u00edn, Rep\u00fablica de Colombia, con tu nombre, descripci\u00f3n de qu\u00e9 pas\u00f3, direcci\u00f3n y documentos adjuntos que respalden tu reclamo.<\/p><p>En caso de hacer falta algo, te pediremos que lo completes en un plazo de 5 d\u00edas.<\/p><p>Tan pronto recibamos tu reclamo completo, pondremos una nota en la base de datos indicando que hay un reclamo en proceso y la raz\u00f3n. En un plazo m\u00e1ximo de 2 d\u00edas h\u00e1biles mantendremos esa nota hasta que resolvamos tu reclamo. Tu reclamo ser\u00e1 atendido por el equipo especializado de atenci\u00f3n al cliente de AiG MARKET en el plazo m\u00e1ximo de 15 d\u00edas. Si no puede atenderse en ese tiempo, te diremos el porqu\u00e9 y nos tomaremos como m\u00e1ximo 8 d\u00edas m\u00e1s.<\/p><p><strong>\u00bfPor cu\u00e1nto tiempo almacenamos tus datos personales? <\/strong><\/p><p>Despu\u00e9s de finalizada la relaci\u00f3n, AiG MARKET conservar\u00e1 tus datos personales por el t\u00e9rmino de 10 a\u00f1os, conforme la legislaci\u00f3n colombiana.<\/p><p><strong>\u00bfC\u00f3mo te riges por la ley aplicable y jurisdicci\u00f3n de tu pa\u00eds? <\/strong><\/p><p>Las Pol\u00edticas de Privacidad se regir\u00e1n por las leyes de la Rep\u00fablica de Colombia.<\/p><p>Ante cualquier problema o desacuerdo relacionado con la interpretaci\u00f3n, validez o cumplimiento de este documento, t\u00fa y AiG MARKET declaran que se someten a la jurisdicci\u00f3n exclusiva de los Tribunales competentes de la Ciudad de Medell\u00edn, renunciando expresamente a cualquier jurisdicci\u00f3n que pudiera corresponderles.<\/p><p>Los procedimientos se llevar\u00e1n a cabo en idioma castellano. La autoridad de aplicaci\u00f3n en la Rep\u00fablica de Colombia en materia de protecci\u00f3n de datos personales es la Delegatura para la Protecci\u00f3n de Datos Personales de la Superintendencia de Industria y Comercio y las normas en materia de protecci\u00f3n de datos son la Ley 1581 de 2012, el Decreto 1377 de 2013 y otras normas aplicables<\/p>\t\t\t\t\t\t\t\t<\/div>\n\t\t\t\t<\/div>\n\t\t\t\t\t<\/div>\n\t\t\t\t<\/div>\n\t\t\t\t<\/div>","protected":false},"excerpt":{"rendered":"<p>\u00bfCu\u00e1les son los derechos de acceso, rectificaci\u00f3n y eliminaci\u00f3n de los datos personales? La ley de protecci\u00f3n de datos de la Rep\u00fablica de Colombia dispone los siguientes derechos reconocidos a los titulares de los datos: Conocer y acceder a tus datos personales de manera gratuita; actualizarlos yrectificarlos. Este derecho aplica especialmente si tus datos est\u00e1n incompletos, incorrectos, parciales o si su uso est\u00e1 prohibido o no has dado tu autorizaci\u00f3n. [&hellip;]<\/p>\n","protected":false},"author":1,"featured_media":0,"parent":0,"menu_order":0,"comment_status":"closed","ping_status":"open","template":"","meta":{"_monsterinsights_skip_tracking":false,"_monsterinsights_sitenote_active":false,"_monsterinsights_sitenote_note":"","_monsterinsights_sitenote_category":0,"footnotes":""},"class_list":["post-3","page","type-page","status-publish","hentry"],"aioseo_notices":[],"_links":{"self":[{"href":"https:\/\/marketplace.aigenesis.io\/en\/wp-json\/wp\/v2\/pages\/3","targetHints":{"allow":["GET"]}}],"collection":[{"href":"https:\/\/marketplace.aigenesis.io\/en\/wp-json\/wp\/v2\/pages"}],"about":[{"href":"https:\/\/marketplace.aigenesis.io\/en\/wp-json\/wp\/v2\/types\/page"}],"author":[{"embeddable":true,"href":"https:\/\/marketplace.aigenesis.io\/en\/wp-json\/wp\/v2\/users\/1"}],"replies":[{"embeddable":true,"href":"https:\/\/marketplace.aigenesis.io\/en\/wp-json\/wp\/v2\/comments?post=3"}],"version-history":[{"count":9,"href":"https:\/\/marketplace.aigenesis.io\/en\/wp-json\/wp\/v2\/pages\/3\/revisions"}],"predecessor-version":[{"id":5299,"href":"https:\/\/marketplace.aigenesis.io\/en\/wp-json\/wp\/v2\/pages\/3\/revisions\/5299"}],"wp:attachment":[{"href":"https:\/\/marketplace.aigenesis.io\/en\/wp-json\/wp\/v2\/media?parent=3"}],"curies":[{"name":"wp","href":"https:\/\/api.w.org\/{rel}","templated":true}]}}